{"id":22,"date":"2013-07-24T19:46:01","date_gmt":"2013-07-24T17:46:01","guid":{"rendered":"https:\/\/ferienwohnung-von-uchtrup.de\/?page_id=22"},"modified":"2018-09-10T20:28:03","modified_gmt":"2018-09-10T18:28:03","slug":"unsere-wohnung","status":"publish","type":"page","link":"https:\/\/www.ferienwohnung-von-uchtrup.de\/?page_id=22","title":{"rendered":"Unsere Wohnung"},"content":{"rendered":"<p><span style=\"text-decoration: underline;\"><img decoding=\"async\" loading=\"lazy\" class=\"size-full wp-image-76 aligncenter\" src=\"https:\/\/ferienwohnung-von-uchtrup.de\/wp-content\/uploads\/2013\/07\/slogan2.png\" alt=\"slogan2\" width=\"650\" height=\"76\" srcset=\"https:\/\/ferienwohnung-von-uchtrup.de\/wp-content\/uploads\/2013\/07\/slogan2.png 650w, https:\/\/ferienwohnung-von-uchtrup.de\/wp-content\/uploads\/2013\/07\/slogan2-300x35.png 300w\" sizes=\"(max-width: 650px) 100vw, 650px\" \/><\/span><\/p>\n<h4>Ihr w\u00fcnscht Euch eine Ferienwohnung von der ihr alles schnell erreichen k\u00f6nnt? Ihr m\u00f6chtet auf Wangerooge nur kurze Wege gehen um Strand, Zentrum, Flughafen oder Bahnhof zu erreichen? Ihr m\u00f6chtet eine Wohnung, die komplett ausgestattet und keine W\u00fcnsche offen l\u00e4sst? Kinder sollen Willkommen sein? Hunde auch?<\/h4>\n<p><em>Perfekt! Unsere komplett ausgestattete Wohnung bietet auf 80 qm\u00b2 Platz f\u00fcr sechs Personen und ein Kleinkind im Reisebett. Ihr m\u00f6chtet Euren Hund mitbringen? Gerne. Lasst uns aber vorab dar\u00fcber sprechen. \ud83d\ude09<\/em><\/p>\n<div class=\"fancybox\"  style=\"background-color:#ffffff;\"><div class=\"ribbon\"><img src=\"https:\/\/ferienwohnung-von-uchtrup.de\/wp-content\/themes\/fewo\/images\/ribbons\/05.png\" alt=\"\"\/><\/div><h4 class=\"fancytitle\"  style=\"background-color:#7AC11D;color:#ffffff;\">Was unsere Wohnung euch zu bieten hat;:<\/h4><div class=\"boxcontent\">\n<ul class=\"list-check  green\">\n<li>TV &amp; DVD<\/li>\n<li>Stereoanlage<\/li>\n<li>Reisebett f\u00fcr die Kleinen &amp; Hochstuhl<\/li>\n<li>eine voll eingerichtete K\u00fcche<\/li>\n<li>Kaffeemaschine, Wasserkocher, Toaster, Senseo-Kaffemaschine<\/li>\n<li>modernes Badezimmer mit Fenster<\/li>\n<li>seperates G\u00e4ste WC<\/li>\n<li>Sp\u00fclmaschine, Waschmaschine und Trockner<\/li>\n<li>Gartenm\u00f6bel und Auflagen f\u00fcr diese<\/li>\n<li>Bollerwagen<\/li>\n<li>Ein Rutsche im Garten f\u00fcr das Spielvergn\u00fcgen der Kleinen<\/li>\n<\/ul>\n<\/div><\/div>\n<script type=\"text\/javascript\">\r\n\t\/* <![CDATA[ *\/\r\n\tjQuery(document).ready(function() {\r\n\t\t\tjQuery(\"#jcarousel28\").jcarousel({\r\n\t\t\teasing: \"easeInOutExpo\",\r\n\t\t\twrap: \"\",\r\n\t\t\tscroll: (jQuery(window).width() > 767 ? 4 : 1),\r\n\t\t\tanimation: 1000\r\n\t\t});\r\n\t\t\r\n\t});\t\r\n\r\n\tjQuery(window).resize(function() {\r\n\t   var el = jQuery(\"#jcarousel28\"),\r\n\t\tcarousel = el.data(\"jcarousel\"), win_width = jQuery(window).width();\r\n\t\t\t\t\t\t   var visibleItems = (win_width > 767 ? 4 : 1);\r\n\t\t\t\t\t\t   carousel.options.visible = visibleItems;\r\n\t\t\t\t\t\t   carousel.options.scroll = visibleItems;\r\n\t\t\t\t\t\t   carousel.reload();\r\n\t});\r\n\t\/* ]]> *\/\r\n\t<\/script><div class=\"list_jcarousel\"><h5 class=\"carousel-title fancyheading textleft\"><span>Impressionen aus unserer Ferienwohnung<\/span><\/h5><ul id=\"jcarousel28\"><li class=\"one_fourth\"><div class=\"food-item\" style=\"width:230px\"><img   alt=\"Schlafzimmer\"  title=\"Schlafzimmer\" src=\"https:\/\/ferienwohnung-von-uchtrup.de\/wp-content\/uploads\/2013\/07\/1-230x230.jpg\"><div class=\"food-info\"><h6><a href=\"https:\/\/www.ferienwohnung-von-uchtrup.de\/?post_type=menus&p=167\">Schlafzimmer<\/a><\/h6><h1 class=\"foodprice\">Einzelbett<\/h1><\/div><\/div><\/li><li class=\"one_fourth\"><div class=\"food-item\" style=\"width:230px\"><img   alt=\"Garten\"  title=\"Garten\" src=\"https:\/\/ferienwohnung-von-uchtrup.de\/wp-content\/uploads\/2013\/07\/wohnung_015-230x230.jpg\"><div class=\"food-info\"><h6><a href=\"https:\/\/www.ferienwohnung-von-uchtrup.de\/?post_type=menus&p=129\">Garten<\/a><\/h6><h1 class=\"foodprice\">Garten<\/h1><\/div><\/div><\/li><li class=\"one_fourth\"><div class=\"food-item\" style=\"width:230px\"><img   alt=\"K\u00fcche\"  title=\"K\u00fcche\" src=\"https:\/\/ferienwohnung-von-uchtrup.de\/wp-content\/uploads\/2013\/07\/wohnung_003-230x230.jpg\"><div class=\"food-info\"><h6><a href=\"https:\/\/www.ferienwohnung-von-uchtrup.de\/?post_type=menus&p=123\">K\u00fcche<\/a><\/h6><h1 class=\"foodprice\">K\u00fcche<\/h1><\/div><\/div><\/li><li class=\"one_fourth\"><div class=\"food-item\" style=\"width:230px\"><img   alt=\"Wohnzimmer\"  title=\"Wohnzimmer\" src=\"https:\/\/ferienwohnung-von-uchtrup.de\/wp-content\/uploads\/2013\/07\/wohnung_004-230x230.jpg\"><div class=\"food-info\"><h6><a href=\"https:\/\/www.ferienwohnung-von-uchtrup.de\/?post_type=menus&p=114\">Wohnzimmer<\/a><\/h6><h1 class=\"foodprice\">Couch<\/h1><\/div><\/div><\/li><\/ul><\/div>\n<div class=\"demo_space\"  style=\"height:50px\"><\/div>\n<p class=\"center\"><a     href=\"https:\/\/www.ferienwohnung-von-uchtrup.de\/?page_id=162\"      class=\"button center large   green \"><span >FOTOS UNSERER WOHNUNG<\/span><\/a><\/p>\n","protected":false},"excerpt":{"rendered":"<p>Ihr w\u00fcnscht Euch eine Ferienwohnung von der ihr alles schnell erreichen k\u00f6nnt? Ihr m\u00f6chtet auf Wangerooge nur kurze Wege gehen um Strand, Zentrum, Flughafen oder Bahnhof zu erreichen? Ihr m\u00f6chtet eine Wohnung, die komplett ausgestattet und keine W\u00fcnsche offen l\u00e4sst? Kinder sollen Willkommen sein? Hunde auch? Perfekt! Unsere komplett ausgestattete Wohnung bietet auf 80 qm\u00b2 [&hellip;]<\/p>\n","protected":false},"author":1,"featured_media":0,"parent":0,"menu_order":0,"comment_status":"open","ping_status":"open","template":"","meta":{"ngg_post_thumbnail":0},"_links":{"self":[{"href":"https:\/\/www.ferienwohnung-von-uchtrup.de\/index.php?rest_route=\/wp\/v2\/pages\/22"}],"collection":[{"href":"https:\/\/www.ferienwohnung-von-uchtrup.de\/index.php?rest_route=\/wp\/v2\/pages"}],"about":[{"href":"https:\/\/www.ferienwohnung-von-uchtrup.de\/index.php?rest_route=\/wp\/v2\/types\/page"}],"author":[{"embeddable":true,"href":"https:\/\/www.ferienwohnung-von-uchtrup.de\/index.php?rest_route=\/wp\/v2\/users\/1"}],"replies":[{"embeddable":true,"href":"https:\/\/www.ferienwohnung-von-uchtrup.de\/index.php?rest_route=%2Fwp%2Fv2%2Fcomments&post=22"}],"version-history":[{"count":57,"href":"https:\/\/www.ferienwohnung-von-uchtrup.de\/index.php?rest_route=\/wp\/v2\/pages\/22\/revisions"}],"predecessor-version":[{"id":251,"href":"https:\/\/www.ferienwohnung-von-uchtrup.de\/index.php?rest_route=\/wp\/v2\/pages\/22\/revisions\/251"}],"wp:attachment":[{"href":"https:\/\/www.ferienwohnung-von-uchtrup.de\/index.php?rest_route=%2Fwp%2Fv2%2Fmedia&parent=22"}],"curies":[{"name":"wp","href":"https:\/\/api.w.org\/{rel}","templated":true}]}}