{"id":23,"date":"2013-07-24T19:46:15","date_gmt":"2013-07-24T17:46:15","guid":{"rendered":"https:\/\/ferienwohnung-von-uchtrup.de\/?page_id=23"},"modified":"2018-09-10T20:12:17","modified_gmt":"2018-09-10T18:12:17","slug":"startseite","status":"publish","type":"page","link":"https:\/\/www.ferienwohnung-von-uchtrup.de\/","title":{"rendered":"Startseite"},"content":{"rendered":"<p style=\"text-align: center;\"><img decoding=\"async\" loading=\"lazy\" class=\"alignnone size-full wp-image-44\" src=\"https:\/\/ferienwohnung-von-uchtrup.de\/wp-content\/uploads\/2013\/07\/slogan.png\" alt=\"slogan\" width=\"650\" height=\"76\" srcset=\"https:\/\/ferienwohnung-von-uchtrup.de\/wp-content\/uploads\/2013\/07\/slogan.png 650w, https:\/\/ferienwohnung-von-uchtrup.de\/wp-content\/uploads\/2013\/07\/slogan-300x35.png 300w\" sizes=\"(max-width: 650px) 100vw, 650px\" \/><\/p>\n<h2 style=\"text-align: center;\"><strong>Herzlich Willkommen auf der Ferieninsel Wangerooge.<\/strong><br \/>\nHerzlich Willkommen im Ferienhaus Mittelpunkt von Uchtrup<\/h2>\n<h1><strong>Moin&#8230;<\/strong><\/h1>\n<p><img decoding=\"async\" loading=\"lazy\" class=\"alignleft size-medium wp-image-51\" src=\"https:\/\/ferienwohnung-von-uchtrup.de\/wp-content\/uploads\/2013\/07\/start1-300x199.jpg\" alt=\"start1\" width=\"300\" height=\"199\" srcset=\"https:\/\/ferienwohnung-von-uchtrup.de\/wp-content\/uploads\/2013\/07\/start1-300x199.jpg 300w, https:\/\/ferienwohnung-von-uchtrup.de\/wp-content\/uploads\/2013\/07\/start1.jpg 425w\" sizes=\"(max-width: 300px) 100vw, 300px\" \/><em><span class=\"dropcap3\" ><strong>D<\/strong><\/span>u schmeckst das Salz der See auf deinen Lippen. Du sp\u00fcrst den warmen Sand des Strandes an deinen F\u00fc\u00dfen. Du schaust auf die Wellen, weit hinten am Horizont. Du h\u00f6rst den frischen Wind, der dir von vorne durch die Haare f\u00e4hrt. Du schlie\u00dft die Augen und erlebst Wangerooge in seiner ganzen Pracht.<br \/>\nUnd wenn du das erlebt hast, wenn du die Faszination gesp\u00fcrt hast, m\u00f6chtest du wieder kommen. Auf unsere Insel. Auf die Ferieninsel Wangerooge.<br \/>\n<strong>Und du wei\u00dft, hier bist du Willkommen!<\/strong><\/em><\/p>\n<h2><strong>Unsere Ferienwohnung in Wangerooge<\/strong><br \/>\nZentral gelegen. Im Haus Mittelpunkt.<\/h2>\n<p><img decoding=\"async\" loading=\"lazy\" class=\"alignright size-full wp-image-69\" src=\"https:\/\/ferienwohnung-von-uchtrup.de\/wp-content\/uploads\/2013\/07\/hausstart.jpg\" alt=\"hausstart\" width=\"300\" height=\"225\"> Im Herzen der Insel, zentral gelegen, liegt unsere wundersch\u00f6ne Ferienwohnung im <strong>Haus Mittelpunkt<\/strong>. Von hier aus k\u00f6nnt ihr alles schnell erreichen: den Strand, das Zentrum, den Bahnhof oder den Flugplatz.<\/p>\n<p>Unsere&nbsp;<a title=\"Unsere Wohnung\" href=\"https:\/\/ferienwohnung-von-uchtrup.de\/?page_id=22\"><strong>Ferienwohnung<\/strong><\/a>&nbsp;im Haus Mittelpunkt wurde mit viel Liebe zum Detail gestaltet. Sie ist vollst\u00e4ndig eingerichtet und l\u00e4sst keine W\u00fcnsche offen. Neben Wohnk\u00fcche und drei Schlafzimmern findet ihr auch im Garten pure Erholung.<\/p>\n<p><img decoding=\"async\" loading=\"lazy\" class=\"alignright size-full wp-image-73\" src=\"https:\/\/ferienwohnung-von-uchtrup.de\/wp-content\/uploads\/2013\/07\/freude.png\" alt=\"freude\" width=\"650\" height=\"76\" srcset=\"https:\/\/ferienwohnung-von-uchtrup.de\/wp-content\/uploads\/2013\/07\/freude.png 650w, https:\/\/ferienwohnung-von-uchtrup.de\/wp-content\/uploads\/2013\/07\/freude-300x35.png 300w\" sizes=\"(max-width: 650px) 100vw, 650px\" \/><\/p>\n<h4>Die Adresse unserer Ferienwohnung auf Wangerooge:<\/h4>\n<p><strong>www.ferienwohnung-von-uchtrup.de im Haus Mittelpunkt<\/strong><br \/>\nR\u00f6singstra\u00dfe 16a<br \/>\n26486 Wangerooge<\/p>\n","protected":false},"excerpt":{"rendered":"<p>Herzlich Willkommen auf der Ferieninsel Wangerooge. Herzlich Willkommen im Ferienhaus Mittelpunkt von Uchtrup Moin&#8230; u schmeckst das Salz der See auf deinen Lippen. Du sp\u00fcrst den warmen Sand des Strandes an deinen F\u00fc\u00dfen. Du schaust auf die Wellen, weit hinten am Horizont. Du h\u00f6rst den frischen Wind, der dir von vorne durch die Haare f\u00e4hrt. [&hellip;]<\/p>\n","protected":false},"author":1,"featured_media":0,"parent":0,"menu_order":0,"comment_status":"open","ping_status":"open","template":"","meta":{"ngg_post_thumbnail":0},"_links":{"self":[{"href":"https:\/\/www.ferienwohnung-von-uchtrup.de\/index.php?rest_route=\/wp\/v2\/pages\/23"}],"collection":[{"href":"https:\/\/www.ferienwohnung-von-uchtrup.de\/index.php?rest_route=\/wp\/v2\/pages"}],"about":[{"href":"https:\/\/www.ferienwohnung-von-uchtrup.de\/index.php?rest_route=\/wp\/v2\/types\/page"}],"author":[{"embeddable":true,"href":"https:\/\/www.ferienwohnung-von-uchtrup.de\/index.php?rest_route=\/wp\/v2\/users\/1"}],"replies":[{"embeddable":true,"href":"https:\/\/www.ferienwohnung-von-uchtrup.de\/index.php?rest_route=%2Fwp%2Fv2%2Fcomments&post=23"}],"version-history":[{"count":33,"href":"https:\/\/www.ferienwohnung-von-uchtrup.de\/index.php?rest_route=\/wp\/v2\/pages\/23\/revisions"}],"predecessor-version":[{"id":226,"href":"https:\/\/www.ferienwohnung-von-uchtrup.de\/index.php?rest_route=\/wp\/v2\/pages\/23\/revisions\/226"}],"wp:attachment":[{"href":"https:\/\/www.ferienwohnung-von-uchtrup.de\/index.php?rest_route=%2Fwp%2Fv2%2Fmedia&parent=23"}],"curies":[{"name":"wp","href":"https:\/\/api.w.org\/{rel}","templated":true}]}}